{"id":299,"date":"2021-06-13T10:40:20","date_gmt":"2021-06-13T10:40:20","guid":{"rendered":"https:\/\/ferienimharz.de\/?page_id=299"},"modified":"2024-05-21T11:13:44","modified_gmt":"2024-05-21T11:13:44","slug":"haus-werner","status":"publish","type":"page","link":"https:\/\/ferienimharz.de\/?page_id=299","title":{"rendered":"Haus Werner"},"content":{"rendered":"\n<div class=\"wp-block-image is-style-default\"><figure class=\"aligncenter size-large\"><img loading=\"lazy\" decoding=\"async\" width=\"1024\" height=\"768\" src=\"https:\/\/ferienimharz.de\/wp-content\/uploads\/2021\/06\/Werner_003-1024x768.jpg\" alt=\"\" class=\"wp-image-548\" srcset=\"https:\/\/ferienimharz.de\/wp-content\/uploads\/2021\/06\/Werner_003-1024x768.jpg 1024w, https:\/\/ferienimharz.de\/wp-content\/uploads\/2021\/06\/Werner_003-300x225.jpg 300w, https:\/\/ferienimharz.de\/wp-content\/uploads\/2021\/06\/Werner_003-768x576.jpg 768w, https:\/\/ferienimharz.de\/wp-content\/uploads\/2021\/06\/Werner_003-1536x1152.jpg 1536w, https:\/\/ferienimharz.de\/wp-content\/uploads\/2021\/06\/Werner_003-2048x1536.jpg 2048w\" sizes=\"auto, (max-width: 1024px) 100vw, 1024px\" \/><\/figure><\/div>\n\n\n\n<h4>Beschreibung<\/h4>\n<p>Ger\u00e4umiges in einer ruhigen Ferienhaussiedlung gelegenes Nurdaferienhaus. 7 Schlafpl\u00e4tze (+Kinderbett), 3 Schlafzimmer.<\/p>\n<p>Vierbeiner sind gerne wilkommen. WLAN inklusive !<\/p>\n<p><strong>Ausstattung<\/strong><\/p>\n<p>Wohn\/Esszimmer, K\u00fcche (K\u00fchlschr. 4 Plattenherd, Geschirrsp\u00fcler, Mikrowelle, Ofen, Kaffeemaschine, Wasserkocher, Toaster), SAT\/TV, DVD, Radio. 2x PKW Parkpl\u00e4tze<\/p>\n<p>Badezimmer mit Dusche, F\u00f6n.<\/p>\n<p>PKW und Fahrrad Einstellplatz auf dem Grundst\u00fcck.<\/p>\n<p>Grillm\u00f6glichkeit auf dem Grundst\u00fcck.<\/p>\n<p>Zeltm\u00f6glichkeit im Garten<\/p>\n<h4>Preis<\/h4>\n<p>Ab 68\u20ac pro \u00dcbernachtung f\u00fcr 2 Personen. Jede weitere Person 20\u20ac pro \u00dcbernachtung zus\u00e4tzlich. Kinder bis 3 Jahre frei.<\/p>\n<p>Hund 4\u20ac pro \u00dcbernachtung<\/p>\n<h4>Grundkosten<\/h4>\n<p>Kurtaxe 1,75\u20ac\/Tag und Person \u00fcber 16Jahre.<\/p>\n<p>Einmalig Endreinigung 50\u20ac.<\/p>\n\n\n\n<h4>Hier einige Bilder von Ferienhaus Werner<\/h4>\n\n\n\n\t\t<link href=\"https:\/\/ferienimharz.de\/wp-content\/plugins\/slideshow-ck\/themes\/default\/css\/camera.css\" rel=\"stylesheet\" type=\"text\/css\" \/>\n\t\t<style type=\"text\/css\">\n\t\t\t#camera_wrap_493 .camera_pag_ul li img, #camera_wrap_493 .camera_thumbs_cont ul li img {\n\t\t\t\theight:100px;\n\t\t\t\twidth: auto;\n\t\t\t}\n\t\t\t#camera_wrap_493 .camera_caption {\n\t\t\t\tdisplay: block;\n\t\t\t\tposition: absolute;\n\t\t\t}\n\t\t\t#camera_wrap_493 .camera_caption a.camera_caption_link {\n\t\t\t\tdisplay: block;\n\t\t\t\tposition: absolute;\n\t\t\t\tleft: 0;\n\t\t\t\tright: 0;\n\t\t\t\ttop: 0;\n\t\t\t\tbottom: 0;\n\t\t\t}\n\t\t\t#camera_wrap_493 .camera_caption > div {\n\t\t\t\tbackground: #000000;\t\t\t}\n\t\t\t#camera_wrap_493 .camera_caption div.camera_caption_title {\n\t\t\t\tfont-size: 18px;line-height: 18px;font-weight: normal;\t\t\t}\n\t\t\t#camera_wrap_493 .camera_caption div.camera_caption_desc {\n\t\t\t\tfont-size: 12px;line-height: 12px;font-weight: normal;\t\t\t}\n\t\t<\/style>\n\t\t\t\t<div class=\"slideshowck camera_wrap camera_amber_skin\" id=\"camera_wrap_493\">\n\t\t\t\t\t\t\t<div  data-thumb=\"https:\/\/ferienimharz.de\/wp-content\/uploads\/2021\/06\/Werner_003-scaled.jpg\" data-src=\"https:\/\/ferienimharz.de\/wp-content\/uploads\/2021\/06\/Werner_003-scaled.jpg\" data-link=\"https:\/\/ferienimharz.de\/wp-content\/uploads\/2021\/06\/Werner_003-scaled.jpg\" data-target=\"_parent\">\n\t\t\t\t\t\t\t\t\t\t<\/div>\n\t\t\t\t\t\t\t<div  data-thumb=\"https:\/\/ferienimharz.de\/wp-content\/uploads\/2025\/08\/image00012-scaled.jpeg\" data-src=\"https:\/\/ferienimharz.de\/wp-content\/uploads\/2025\/08\/image00012-scaled.jpeg\" data-link=\"https:\/\/ferienimharz.de\/wp-content\/uploads\/2025\/08\/image00012-scaled.jpeg\" data-target=\"_parent\">\n\t\t\t\t\t\t\t\t\t\t<\/div>\n\t\t\t\t\t\t\t<div  data-thumb=\"https:\/\/ferienimharz.de\/wp-content\/uploads\/2021\/06\/Werner6.png\" data-src=\"https:\/\/ferienimharz.de\/wp-content\/uploads\/2021\/06\/Werner6.png\" data-link=\"https:\/\/ferienimharz.de\/wp-content\/uploads\/2021\/06\/Werner6.png\" data-target=\"_parent\">\n\t\t\t\t\t\t\t\t\t\t<\/div>\n\t\t\t\t\t\t\t<div  data-thumb=\"https:\/\/ferienimharz.de\/wp-content\/uploads\/2021\/06\/cropped-Header-1.png\" data-src=\"https:\/\/ferienimharz.de\/wp-content\/uploads\/2021\/06\/cropped-Header-1.png\" data-link=\"https:\/\/ferienimharz.de\/wp-content\/uploads\/2021\/06\/cropped-Header-1.png\" data-target=\"_parent\">\n\t\t\t\t\t\t\t\t\t\t<\/div>\n\t\t\t\t\t\t\t<div  data-thumb=\"https:\/\/ferienimharz.de\/wp-content\/uploads\/2025\/08\/image00002-scaled.jpeg\" data-src=\"https:\/\/ferienimharz.de\/wp-content\/uploads\/2025\/08\/image00002-scaled.jpeg\" data-link=\"https:\/\/ferienimharz.de\/wp-content\/uploads\/2025\/08\/image00002-scaled.jpeg\" data-target=\"_parent\">\n\t\t\t\t\t\t\t\t\t\t<\/div>\n\t\t\t\t\t\t\t<div  data-thumb=\"https:\/\/ferienimharz.de\/wp-content\/uploads\/2025\/08\/image00001-1-scaled.jpeg\" data-src=\"https:\/\/ferienimharz.de\/wp-content\/uploads\/2025\/08\/image00001-1-scaled.jpeg\" data-link=\"https:\/\/ferienimharz.de\/wp-content\/uploads\/2025\/08\/image00001-1-scaled.jpeg\" data-target=\"_parent\">\n\t\t\t\t\t\t\t\t\t\t<\/div>\n\t\t\t\t\t\t\t<div  data-thumb=\"https:\/\/ferienimharz.de\/wp-content\/uploads\/2021\/07\/Werner_0.jpeg\" data-src=\"https:\/\/ferienimharz.de\/wp-content\/uploads\/2021\/07\/Werner_0.jpeg\" data-link=\"https:\/\/ferienimharz.de\/wp-content\/uploads\/2021\/07\/Werner_0.jpeg\" data-target=\"_parent\">\n\t\t\t\t\t\t\t\t\t\t<\/div>\n\t\t\t\t\t<\/div>\n\t\t<div style=\"clear:both;\"><\/div>\n\t\t\n\n\n\n<p><\/p>\n","protected":false},"excerpt":{"rendered":"<p>Beschreibung Ger\u00e4umiges in einer ruhigen Ferienhaussiedlung gelegenes Nurdaferienhaus. 7 Schlafpl\u00e4tze (+Kinderbett), 3 Schlafzimmer. Vierbeiner sind gerne wilkommen. WLAN inklusive ! Ausstattung Wohn\/Esszimmer, K\u00fcche (K\u00fchlschr. 4 Plattenherd, Geschirrsp\u00fcler, Mikrowelle, Ofen, Kaffeemaschine, Wasserkocher, Toaster), SAT\/TV, DVD, Radio. 2x PKW Parkpl\u00e4tze Badezimmer mit Dusche, F\u00f6n. PKW und Fahrrad Einstellplatz auf dem Grundst\u00fcck. Grillm\u00f6glichkeit auf dem Grundst\u00fcck. Zeltm\u00f6glichkeit im [&hellip;]<\/p>\n","protected":false},"author":1,"featured_media":0,"parent":0,"menu_order":0,"comment_status":"closed","ping_status":"closed","template":"","meta":{"footnotes":""},"class_list":["post-299","page","type-page","status-publish","hentry"],"_links":{"self":[{"href":"https:\/\/ferienimharz.de\/index.php?rest_route=\/wp\/v2\/pages\/299","targetHints":{"allow":["GET"]}}],"collection":[{"href":"https:\/\/ferienimharz.de\/index.php?rest_route=\/wp\/v2\/pages"}],"about":[{"href":"https:\/\/ferienimharz.de\/index.php?rest_route=\/wp\/v2\/types\/page"}],"author":[{"embeddable":true,"href":"https:\/\/ferienimharz.de\/index.php?rest_route=\/wp\/v2\/users\/1"}],"replies":[{"embeddable":true,"href":"https:\/\/ferienimharz.de\/index.php?rest_route=%2Fwp%2Fv2%2Fcomments&post=299"}],"version-history":[{"count":14,"href":"https:\/\/ferienimharz.de\/index.php?rest_route=\/wp\/v2\/pages\/299\/revisions"}],"predecessor-version":[{"id":589,"href":"https:\/\/ferienimharz.de\/index.php?rest_route=\/wp\/v2\/pages\/299\/revisions\/589"}],"wp:attachment":[{"href":"https:\/\/ferienimharz.de\/index.php?rest_route=%2Fwp%2Fv2%2Fmedia&parent=299"}],"curies":[{"name":"wp","href":"https:\/\/api.w.org\/{rel}","templated":true}]}}