{"id":310,"date":"2021-06-16T13:45:07","date_gmt":"2021-06-16T13:45:07","guid":{"rendered":"https:\/\/ferienimharz.de\/?page_id=310"},"modified":"2024-05-21T11:12:42","modified_gmt":"2024-05-21T11:12:42","slug":"haus-pia","status":"publish","type":"page","link":"https:\/\/ferienimharz.de\/?page_id=310","title":{"rendered":"Haus Pia"},"content":{"rendered":"\n<div class=\"wp-block-image\"><figure class=\"aligncenter size-large\"><img loading=\"lazy\" decoding=\"async\" width=\"382\" height=\"382\" src=\"https:\/\/ferienimharz.de\/wp-content\/uploads\/2021\/06\/12521072_1323251034368663_1275228726_n.jpg\" alt=\"\" class=\"wp-image-342\" srcset=\"https:\/\/ferienimharz.de\/wp-content\/uploads\/2021\/06\/12521072_1323251034368663_1275228726_n.jpg 382w, https:\/\/ferienimharz.de\/wp-content\/uploads\/2021\/06\/12521072_1323251034368663_1275228726_n-300x300.jpg 300w, https:\/\/ferienimharz.de\/wp-content\/uploads\/2021\/06\/12521072_1323251034368663_1275228726_n-150x150.jpg 150w\" sizes=\"auto, (max-width: 382px) 100vw, 382px\" \/><\/figure><\/div>\n\n\n\n<h4>\u00a0<\/h4>\n<h4>Beschreibung<\/h4>\n<p>Ger\u00e4umiges in einer ruhigen Ferienhaussiedlung gelegenes Ferienhaus mit ca. 85 qm Wohnfl\u00e4che. Auf einem ca. 450 qm gro\u00dfen Grundst\u00fcck. Schlafgelegenheiten bis zu 5 Personen. Vierbeiner sind gerne wilkommen. WLAN inklusive !<\/p>\n<h4>Ausstattung<\/h4>\n<p>Gem\u00fctliches Wohnzimmer mit Satelliten-TV und Radio. Eine Schlafcouch zum Ausziehen und gro\u00dfem Kaminofen mit Panoramascheibe. Zugang zur ca. 20qm gro\u00dfen Sonnenterrasse. Die Terrasse ist mit 6 Hochlehnern, ein Tisch und zwei Alu-Liegen und dazugeh\u00f6rigen Auflagen ausgestattet. An sonnigen Tagen sorgt eine Markise f\u00fcr angenehmen Schatten.<\/p>\n<p>Komplett ausgestattete Einbauk\u00fcche. Mit gro\u00dfem K\u00fchl- und Gefrierschrankkombination, Geschirrsp\u00fcler, Dunstabzugshaube, Vier-Plattenherd, Backofen, Sp\u00fcle, Kaffeemaschine, Mikrowelle, Wasserkocher, Flaschenw\u00e4rmer und Toaster. Reichlich Geschirr und Kocht\u00f6pfe\/Pfannen. Bei Bedarf steht auch ein Hochstuhl zur Verf\u00fcgung.<\/p>\n<p>Schlafzimmer mit Doppelbett und Tandembett in der 1. Etage. Gro\u00dfer Einbauschrank f\u00fcr Ihre Kleidung. Kleiner Balkon in s\u00fcd-westlicher Ausrichtung. Kinderreisebett 70x140cm und Babywippe stehen ggf. zur Verf\u00fcgung.<\/p>\n<p>Badezimmer mit Dusche\/Badewanne, F\u00f6n.<\/p>\n<p>PKW und Fahrrad Einstellplatz auf dem Grundst\u00fcck.<\/p>\n<p>Grillm\u00f6glichkeit auf dem Grundst\u00fcck.<\/p>\n<p>Zeltm\u00f6glichkeit im Garten<\/p>\n<h4>Preis<\/h4>\n<p>Ab 68\u20ac pro \u00dcbernachtung f\u00fcr 2 Personen. Jede weitere Person 20\u20ac pro \u00dcbernachtung zus\u00e4tzlich. Kinder bis 3 Jahre frei.<\/p>\n<p>Hund 4\u20ac pro \u00dcbernachtung<\/p>\n<h4>Grundkosten<\/h4>\n<p>Kurtaxe 1,75\u20ac\/Tag und Person \u00fcber 16Jahre.<\/p>\n<p>Einmalig Endreinigung 50\u20ac.<\/p>\n\n\n\n<h4>Hier einige Bilder von Ferienhaus Pia<\/h4>\n\n\n\n\t\t<link href=\"https:\/\/ferienimharz.de\/wp-content\/plugins\/slideshow-ck\/themes\/default\/css\/camera.css\" rel=\"stylesheet\" type=\"text\/css\" \/>\n\t\t<style type=\"text\/css\">\n\t\t\t#camera_wrap_469 .camera_pag_ul li img, #camera_wrap_469 .camera_thumbs_cont ul li img {\n\t\t\t\theight:100px;\n\t\t\t\twidth: auto;\n\t\t\t}\n\t\t\t#camera_wrap_469 .camera_caption {\n\t\t\t\tdisplay: block;\n\t\t\t\tposition: absolute;\n\t\t\t}\n\t\t\t#camera_wrap_469 .camera_caption a.camera_caption_link {\n\t\t\t\tdisplay: block;\n\t\t\t\tposition: absolute;\n\t\t\t\tleft: 0;\n\t\t\t\tright: 0;\n\t\t\t\ttop: 0;\n\t\t\t\tbottom: 0;\n\t\t\t}\n\t\t\t#camera_wrap_469 .camera_caption > div {\n\t\t\t\tbackground: #000000;\t\t\t}\n\t\t\t#camera_wrap_469 .camera_caption div.camera_caption_title {\n\t\t\t\tfont-size: 18px;line-height: 18px;font-weight: normal;\t\t\t}\n\t\t\t#camera_wrap_469 .camera_caption div.camera_caption_desc {\n\t\t\t\tfont-size: 12px;line-height: 12px;font-weight: normal;\t\t\t}\n\t\t<\/style>\n\t\t\t\t<div class=\"slideshowck camera_wrap camera_amber_skin\" id=\"camera_wrap_469\">\n\t\t\t\t\t\t\t<div  data-thumb=\"https:\/\/ferienimharz.de\/wp-content\/uploads\/2021\/06\/Pia1.jpg\" data-src=\"https:\/\/ferienimharz.de\/wp-content\/uploads\/2021\/06\/Pia1.jpg\" data-link=\"https:\/\/ferienimharz.de\/wp-content\/uploads\/2021\/06\/Pia1.jpg\" data-target=\"_parent\">\n\t\t\t\t\t\t\t\t\t\t<\/div>\n\t\t\t\t\t\t\t<div  data-thumb=\"https:\/\/ferienimharz.de\/wp-content\/uploads\/2021\/06\/AEF97A77-BD61-4E59-A090-817EC1C199C0.jpeg\" data-src=\"https:\/\/ferienimharz.de\/wp-content\/uploads\/2021\/06\/AEF97A77-BD61-4E59-A090-817EC1C199C0.jpeg\" data-link=\"https:\/\/ferienimharz.de\/wp-content\/uploads\/2021\/06\/AEF97A77-BD61-4E59-A090-817EC1C199C0.jpeg\" data-target=\"_parent\">\n\t\t\t\t\t\t\t\t\t\t<\/div>\n\t\t\t\t\t\t\t<div  data-thumb=\"https:\/\/ferienimharz.de\/wp-content\/uploads\/2021\/06\/Werner4png.png\" data-src=\"https:\/\/ferienimharz.de\/wp-content\/uploads\/2021\/06\/Werner4png.png\" data-link=\"https:\/\/ferienimharz.de\/wp-content\/uploads\/2021\/06\/Werner4png.png\" data-target=\"_parent\">\n\t\t\t\t\t\t\t\t\t\t<\/div>\n\t\t\t\t\t\t\t<div  data-thumb=\"https:\/\/ferienimharz.de\/wp-content\/uploads\/2021\/06\/Pia4.png\" data-src=\"https:\/\/ferienimharz.de\/wp-content\/uploads\/2021\/06\/Pia4.png\" data-link=\"https:\/\/ferienimharz.de\/wp-content\/uploads\/2021\/06\/Pia4.png\" data-target=\"_parent\">\n\t\t\t\t\t\t\t\t\t\t<\/div>\n\t\t\t\t\t\t\t<div  data-thumb=\"https:\/\/ferienimharz.de\/wp-content\/uploads\/2021\/06\/Pia5.png\" data-src=\"https:\/\/ferienimharz.de\/wp-content\/uploads\/2021\/06\/Pia5.png\" data-link=\"https:\/\/ferienimharz.de\/wp-content\/uploads\/2021\/06\/Pia5.png\" data-target=\"_parent\">\n\t\t\t\t\t\t\t\t\t\t<\/div>\n\t\t\t\t\t\t\t<div  data-thumb=\"https:\/\/ferienimharz.de\/wp-content\/uploads\/2021\/06\/Pia6.png\" data-src=\"https:\/\/ferienimharz.de\/wp-content\/uploads\/2021\/06\/Pia6.png\" data-link=\"https:\/\/ferienimharz.de\/wp-content\/uploads\/2021\/06\/Pia6.png\" data-target=\"_parent\">\n\t\t\t\t\t\t\t\t\t\t<\/div>\n\t\t\t\t\t\t\t<div  data-thumb=\"https:\/\/ferienimharz.de\/wp-content\/uploads\/2021\/06\/Pia7.png\" data-src=\"https:\/\/ferienimharz.de\/wp-content\/uploads\/2021\/06\/Pia7.png\" data-link=\"https:\/\/ferienimharz.de\/wp-content\/uploads\/2021\/06\/Pia7.png\" data-target=\"_parent\">\n\t\t\t\t\t\t\t\t\t\t<\/div>\n\t\t\t\t\t\t\t<div  data-thumb=\"https:\/\/ferienimharz.de\/wp-content\/uploads\/2021\/06\/Pia8.png\" data-src=\"https:\/\/ferienimharz.de\/wp-content\/uploads\/2021\/06\/Pia8.png\" data-link=\"https:\/\/ferienimharz.de\/wp-content\/uploads\/2021\/06\/Pia8.png\" data-target=\"_parent\">\n\t\t\t\t\t\t\t\t\t\t<\/div>\n\t\t\t\t\t\t\t<div  data-thumb=\"https:\/\/ferienimharz.de\/wp-content\/uploads\/2021\/06\/Pia9.png\" data-src=\"https:\/\/ferienimharz.de\/wp-content\/uploads\/2021\/06\/Pia9.png\" data-link=\"https:\/\/ferienimharz.de\/wp-content\/uploads\/2021\/06\/Pia9.png\" data-target=\"_parent\">\n\t\t\t\t\t\t\t\t\t\t<\/div>\n\t\t\t\t\t<\/div>\n\t\t<div style=\"clear:both;\"><\/div>\n\t\t\n","protected":false},"excerpt":{"rendered":"<p>\u00a0 Beschreibung Ger\u00e4umiges in einer ruhigen Ferienhaussiedlung gelegenes Ferienhaus mit ca. 85 qm Wohnfl\u00e4che. Auf einem ca. 450 qm gro\u00dfen Grundst\u00fcck. Schlafgelegenheiten bis zu 5 Personen. Vierbeiner sind gerne wilkommen. WLAN inklusive ! Ausstattung Gem\u00fctliches Wohnzimmer mit Satelliten-TV und Radio. Eine Schlafcouch zum Ausziehen und gro\u00dfem Kaminofen mit Panoramascheibe. Zugang zur ca. 20qm gro\u00dfen Sonnenterrasse. [&hellip;]<\/p>\n","protected":false},"author":1,"featured_media":0,"parent":0,"menu_order":0,"comment_status":"closed","ping_status":"closed","template":"","meta":{"footnotes":""},"class_list":["post-310","page","type-page","status-publish","hentry"],"_links":{"self":[{"href":"https:\/\/ferienimharz.de\/index.php?rest_route=\/wp\/v2\/pages\/310","targetHints":{"allow":["GET"]}}],"collection":[{"href":"https:\/\/ferienimharz.de\/index.php?rest_route=\/wp\/v2\/pages"}],"about":[{"href":"https:\/\/ferienimharz.de\/index.php?rest_route=\/wp\/v2\/types\/page"}],"author":[{"embeddable":true,"href":"https:\/\/ferienimharz.de\/index.php?rest_route=\/wp\/v2\/users\/1"}],"replies":[{"embeddable":true,"href":"https:\/\/ferienimharz.de\/index.php?rest_route=%2Fwp%2Fv2%2Fcomments&post=310"}],"version-history":[{"count":12,"href":"https:\/\/ferienimharz.de\/index.php?rest_route=\/wp\/v2\/pages\/310\/revisions"}],"predecessor-version":[{"id":588,"href":"https:\/\/ferienimharz.de\/index.php?rest_route=\/wp\/v2\/pages\/310\/revisions\/588"}],"wp:attachment":[{"href":"https:\/\/ferienimharz.de\/index.php?rest_route=%2Fwp%2Fv2%2Fmedia&parent=310"}],"curies":[{"name":"wp","href":"https:\/\/api.w.org\/{rel}","templated":true}]}}