{"id":336,"date":"2021-06-16T14:49:43","date_gmt":"2021-06-16T14:49:43","guid":{"rendered":"https:\/\/ferienimharz.de\/?page_id=336"},"modified":"2024-05-21T11:16:40","modified_gmt":"2024-05-21T11:16:40","slug":"anfahrt","status":"publish","type":"page","link":"https:\/\/ferienimharz.de\/?page_id=336","title":{"rendered":"Anfahrt"},"content":{"rendered":"\n<h3 class=\"wp-block-heading\"><strong>Anreiseinformationen<\/strong><\/h3>\n\n\n\n<h4 class=\"wp-block-heading\"><strong>Anreise mit der Bahn<\/strong><\/h4>\n\n\n\n<p>Anfahrt bis Langelsheim. Dann Weiterfahrt mit der Buslinie 832 (st\u00e4ndiger Linienverkehr Goslar.)<\/p>\n\n\n\n<h4 class=\"wp-block-heading\"><strong>Anreise mit dem PKW.<\/strong><\/h4>\n\n\n\n<p>Anreise \u00fcber Autobahn A7, Abfahrt Nr.66 Rh\u00fcden. Richtung Goslar\/Bad Harzburg. In H\u00f6he Langelsheim die Bundesstra\u00dfe in Richtung Wolfshagen verlassen.<\/p>\n\n\n\n\n\n<p><\/p>\n\n\n\n<h4>Touristinformation Wolfshagen Harz\u00a0<a href=\"https:\/\/www.wolfshagen.de\/touristinformation\">https:\/\/www.wolfshagen.de\/touristinformation<\/a><\/h4>\n\n\n\n<p><\/p>\n","protected":false},"excerpt":{"rendered":"<p>Anreiseinformationen Anreise mit der Bahn Anfahrt bis Langelsheim. Dann Weiterfahrt mit der Buslinie 832 (st\u00e4ndiger Linienverkehr Goslar.) Anreise mit dem PKW. Anreise \u00fcber Autobahn A7, Abfahrt Nr.66 Rh\u00fcden. Richtung Goslar\/Bad Harzburg. In H\u00f6he Langelsheim die Bundesstra\u00dfe in Richtung Wolfshagen verlassen. Touristinformation Wolfshagen Harz\u00a0https:\/\/www.wolfshagen.de\/touristinformation<\/p>\n","protected":false},"author":1,"featured_media":0,"parent":0,"menu_order":0,"comment_status":"closed","ping_status":"closed","template":"","meta":{"footnotes":""},"class_list":["post-336","page","type-page","status-publish","hentry"],"_links":{"self":[{"href":"https:\/\/ferienimharz.de\/index.php?rest_route=\/wp\/v2\/pages\/336","targetHints":{"allow":["GET"]}}],"collection":[{"href":"https:\/\/ferienimharz.de\/index.php?rest_route=\/wp\/v2\/pages"}],"about":[{"href":"https:\/\/ferienimharz.de\/index.php?rest_route=\/wp\/v2\/types\/page"}],"author":[{"embeddable":true,"href":"https:\/\/ferienimharz.de\/index.php?rest_route=\/wp\/v2\/users\/1"}],"replies":[{"embeddable":true,"href":"https:\/\/ferienimharz.de\/index.php?rest_route=%2Fwp%2Fv2%2Fcomments&post=336"}],"version-history":[{"count":12,"href":"https:\/\/ferienimharz.de\/index.php?rest_route=\/wp\/v2\/pages\/336\/revisions"}],"predecessor-version":[{"id":592,"href":"https:\/\/ferienimharz.de\/index.php?rest_route=\/wp\/v2\/pages\/336\/revisions\/592"}],"wp:attachment":[{"href":"https:\/\/ferienimharz.de\/index.php?rest_route=%2Fwp%2Fv2%2Fmedia&parent=336"}],"curies":[{"name":"wp","href":"https:\/\/api.w.org\/{rel}","templated":true}]}}