{"id":4,"date":"2021-06-12T11:39:59","date_gmt":"2021-06-12T11:39:59","guid":{"rendered":"https:\/\/ferienimharz.de\/?page_id=4"},"modified":"2021-06-20T12:51:36","modified_gmt":"2021-06-20T12:51:36","slug":"willkommen-auf-https-ferienimharz-de","status":"publish","type":"page","link":"https:\/\/ferienimharz.de\/","title":{"rendered":"Urlaub in Wolfshagen im Harz"},"content":{"rendered":"\n<p class=\"has-medium-font-size\"><br>Sie m\u00f6chten ein Ferienhaus f\u00fcr einen Urlaub im sch\u00f6nen Harz mieten? Dann sind Sie bei uns genau richtig! Direkt mieten ohne Vermittlungsgeb\u00fchren.<\/p>\n\n\n\n<p class=\"has-medium-font-size\">Unsere Ferienh\u00e4user liegen in Mitten eines Wochenendhausgebietes ein St\u00fcck abgelegen vom Luftkurort Wolfshagen im Harz. Somit sorgt eine sehr geruhsame Umgebung f\u00fcr Erholung und Entspannung. <\/p>\n\n\n\n<p class=\"has-medium-font-size\">Zahlreiche Wanderungen und Biketouren sind direkt vom Ferienhaus aus m\u00f6glich. Aber auch ein kleiner Spaziergang mit dem Hund kann hier starten. Ein beheizbares Waldschwimmbad ist in 10 min. zu Fu\u00df zu erreichen. Zwei nahe gelegene Talsperren laden zum Radeln, Tretboot fahren, Windsurfen oder Baden ein. In der Innerstetalsperre d\u00fcrfen Sie auch mit Ihrem Vierbeiner schwimmen gehen. <\/p>\n\n\n\n<p class=\"has-medium-font-size\">Im Winter locken malerisch verschneite Landschaften zu romantischen Spazierg\u00e4ngen. Rodel-, Langlauf- und Abfahrtsm\u00f6glichkeiten gibt es in der N\u00e4he.<\/p>\n\n\n\n<div class=\"wp-block-columns is-layout-flex wp-container-core-columns-is-layout-9d6595d7 wp-block-columns-is-layout-flex\">\n<div class=\"wp-block-column is-layout-flow wp-block-column-is-layout-flow\" style=\"flex-basis:100%\">\n<div class=\"wp-block-buttons is-content-justification-center is-layout-flex wp-block-buttons-is-layout-flex\"><\/div>\n<\/div>\n<\/div>\n\n\n\n<p><\/p>\n","protected":false},"excerpt":{"rendered":"<p>Sie m\u00f6chten ein Ferienhaus f\u00fcr einen Urlaub im sch\u00f6nen Harz mieten? Dann sind Sie bei uns genau richtig! Direkt mieten ohne Vermittlungsgeb\u00fchren. Unsere Ferienh\u00e4user liegen in Mitten eines Wochenendhausgebietes ein St\u00fcck abgelegen vom Luftkurort Wolfshagen im Harz. Somit sorgt eine sehr geruhsame Umgebung f\u00fcr Erholung und Entspannung. Zahlreiche Wanderungen und Biketouren sind direkt vom Ferienhaus [&hellip;]<\/p>\n","protected":false},"author":1,"featured_media":0,"parent":0,"menu_order":0,"comment_status":"closed","ping_status":"open","template":"","meta":{"footnotes":""},"class_list":["post-4","page","type-page","status-publish","hentry"],"_links":{"self":[{"href":"https:\/\/ferienimharz.de\/index.php?rest_route=\/wp\/v2\/pages\/4","targetHints":{"allow":["GET"]}}],"collection":[{"href":"https:\/\/ferienimharz.de\/index.php?rest_route=\/wp\/v2\/pages"}],"about":[{"href":"https:\/\/ferienimharz.de\/index.php?rest_route=\/wp\/v2\/types\/page"}],"author":[{"embeddable":true,"href":"https:\/\/ferienimharz.de\/index.php?rest_route=\/wp\/v2\/users\/1"}],"replies":[{"embeddable":true,"href":"https:\/\/ferienimharz.de\/index.php?rest_route=%2Fwp%2Fv2%2Fcomments&post=4"}],"version-history":[{"count":9,"href":"https:\/\/ferienimharz.de\/index.php?rest_route=\/wp\/v2\/pages\/4\/revisions"}],"predecessor-version":[{"id":454,"href":"https:\/\/ferienimharz.de\/index.php?rest_route=\/wp\/v2\/pages\/4\/revisions\/454"}],"wp:attachment":[{"href":"https:\/\/ferienimharz.de\/index.php?rest_route=%2Fwp%2Fv2%2Fmedia&parent=4"}],"curies":[{"name":"wp","href":"https:\/\/api.w.org\/{rel}","templated":true}]}}